{"id":12477,"date":"2019-12-14T14:33:02","date_gmt":"2019-12-14T13:33:02","guid":{"rendered":"https:\/\/rechtsanwaltkaufmann.de\/impronta"},"modified":"2024-03-21T08:57:09","modified_gmt":"2024-03-21T07:57:09","slug":"impronta","status":"publish","type":"page","link":"https:\/\/rechtsanwaltkaufmann.de\/it\/impronta","title":{"rendered":"Impronta"},"content":{"rendered":"\n<p>secondo il \u00a7 5 TMG<\/p>\n\n<p>Persona responsabile e persona di contatto<\/p>\n\n<h3 class=\"wp-block-heading\">Avvocato Hermann Kaufmann<\/h3>\n\n<p>Heilbronnstrasse 2<br\/>28832 Achim<\/p>\n\n<p>Tel: 04202 \/ 6 38 37-0<br\/>FAX: 04202 \/ 6 38 37-18<\/p>\n\n<p>E-mail: <a>info@rechtsanwaltkaufmann.de<\/a><br\/>Web: <a href=\"https:\/\/rechtsanwaltkaufmann.de\/\">www.rechtsanwaltkaufmann.de<\/a><\/p>\n\n<p>Partita IVA: DE254081578<\/p>\n\n<p>L&#8217;avvocato Kaufmann \u00e8 membro dell&#8217;Ordine degli avvocati di Celle<a href=\"http:\/\/www.rakcelle.de\/\" target=\"_blank\" rel=\"noreferrer noopener\">(www.rakcelle.de)<\/a>. Questa \u00e8 anche l&#8217;autorit\u00e0 di vigilanza competente.<\/p>\n\n<p>Il suo titolo professionale gli \u00e8 stato conferito nella Repubblica Federale Tedesca.<br\/>\u00c8 possibile leggere le norme professionali che lo riguardano sul sito <a href=\"http:\/\/www.brak.de\/\" target=\"_blank\" rel=\"noreferrer noopener\">www.brak.de.<\/a> <\/p>\n\n<p>I costi dei suoi servizi si basano generalmente sulla legge tedesca sugli onorari degli avvocati<a href=\"http:\/\/www.gesetze-im-internet.de\/rvg\/index.html\" target=\"_blank\" rel=\"noreferrer noopener\">(RVG<\/a>).<\/p>\n\n<p>L&#8217;assicurazione per la responsabilit\u00e0 professionale \u00e8 stata stipulata con Allianz Versicherungs AG &#8211; Grosser Burstah 3 &#8211; 20457 Amburgo.<br\/>L&#8217;assicurazione copre il territorio della Repubblica Federale di Germania.<\/p>\n\n<hr class=\"wp-block-separator\"\/>\n\n<p>\n          <strong>Software \/ Licenza<\/strong>\n        <\/p>\n\n<p>Questo sito web \u00e8 basato sul sistema di gestione dei contenuti (CMS) WordPress. Ulteriori informazioni sono disponibili sul sito <a href=\"http:\/\/www.wordpress.com\/\" target=\"_blank\" rel=\"noreferrer noopener\">www.wordpress.com<\/a><\/p>\n\n<p>\n          <strong>Copyright<\/strong>\n        <\/p>\n\n<p>I contenuti e le opere create dagli operatori del sito su queste pagine sono soggetti alla legge tedesca sul diritto d&#8217;autore. La riproduzione, la modifica, la distribuzione e qualsiasi tipo di utilizzo al di fuori dei limiti della legge sul copyright richiedono il consenso scritto del rispettivo autore o creatore. Download e copie di questo sito sono consentiti solo per uso privato e non commerciale. Nella misura in cui il contenuto di questo sito non \u00e8 stato creato dall&#8217;operatore, si rispettano i diritti d&#8217;autore di terzi. In particolare, i contenuti di terze parti sono etichettati come tali. Se tuttavia doveste venire a conoscenza di una violazione del copyright, vi preghiamo di informarci di conseguenza. Se veniamo a conoscenza di eventuali violazioni legali, rimuoveremo immediatamente tali contenuti.<\/p>\n\n<p>\n          <strong>Altri diritti di immagine<\/strong>\n        <\/p>\n\n<p>Foto da <strong>\n  <a href=\"https:\/\/www.pexels.com\/de-de\/@life-of-pix?utm_content=attributionCopyText&amp;utm_medium=referral&amp;utm_source=pexels\" target=\"_blank\" rel=\"noopener\">Vita di Pix<\/a>\n<\/strong> da <strong>\n  <a href=\"https:\/\/www.pexels.com\/de-de\/foto\/bau-werkzeuge-hammer-handwerker-8092\/?utm_content=attributionCopyText&amp;utm_medium=referral&amp;utm_source=pexels\" target=\"_blank\" rel=\"noopener\">Pexels<\/a>\n<\/strong> nell&#8217;articolo <a href=\"https:\/\/rechtsanwaltkaufmann.de\/baurecht-immobilienrecht-mietrecht\/von-wesentlichen-und-unwesentlichen-maengeln-bei-bauvertraegen\">Sui difetti materiali e immateriali nei contratti di costruzione<\/a><\/p>\n\n<p><em>Tutte le immagini utilizzate provengono dal portale <\/em><a href=\"https:\/\/stock.adobe.com\/\" target=\"_blank\" rel=\"noopener\">stock.adobe.com<\/a><em>:<\/em><\/p>\n\n<figure class=\"wp-block-table\"><table><tbody><tr><td>\n          <strong>Area tematica<\/strong>\n        <\/td><td>\n          <strong>Autore<\/strong>\n        <\/td><\/tr><tr><td>Diritto del lavoro<\/td><td>innevamento12<\/td><\/tr><tr><td>Diritto bancario e del mercato dei capitali<\/td><td>Alexander Limbach<\/td><\/tr><tr><td>Diritto edilizio<\/td><td>Sergey Yarochkin<\/td><\/tr><tr><td>Diritto fallimentare<\/td><td>immagini di vita pura<\/td><\/tr><tr><td>Diritto tributario<\/td><td>lettas<\/td><\/tr><tr><td>Diritto penale commerciale<\/td><td>Andreas Gruhl<\/td><\/tr><tr><td>Altro &#8211; Justicia<\/td><td>Studio_Est<\/td><\/tr><tr><td>Scandalo diesel<\/td><td>Wellnhofer Designs<\/td><\/tr><tr><td>Diritto di cancellazione<\/td><td>pixelfriend<\/td><\/tr><tr><td>Altre immagini a tema<\/td><td>&#8220;Tema WordPress &#8220;ATTORNA<\/td><\/tr><\/tbody><\/table><\/figure>\n\n<p>\n          <strong>Riferimento alla risoluzione delle controversie nell&#8217;UE<\/strong>\n          <br\/>\n        <\/p>\n\n<p>La Commissione europea ha creato una piattaforma internet per la risoluzione online delle controversie (piattaforma ODR) tra commercianti e consumatori. La piattaforma ODR \u00e8 raggiungibile all&#8217;indirizzo <a href=\"https:\/\/ec.europa.eu\/consumers\/odr\/\" target=\"_blank\" rel=\"noopener\">https:\/\/ec.europa.eu\/consumers\/odr\/<\/a>.<\/p>\n\n<p>Non siamo disposti n\u00e9 obbligati a partecipare a procedure di risoluzione delle controversie davanti a un collegio arbitrale dei consumatori.<\/p>\n\n<p>Il nostro indirizzo e-mail \u00e8 riportato nel riquadro in alto.<\/p>\n","protected":false},"excerpt":{"rendered":"<p>secondo il \u00a7 5 TMG Persona responsabile e persona di contatto Avvocato Hermann Kaufmann Heilbronnstrasse 228832 Achim Tel: 04202 \/ 6 38 37-0FAX: 04202 \/ 6 38 37-18 E-mail: info@rechtsanwaltkaufmann.deWeb: www.rechtsanwaltkaufmann.de Partita IVA: DE254081578 L&#8217;avvocato Kaufmann \u00e8 membro dell&#8217;Ordine degli avvocati di Celle(www.rakcelle.de). Questa \u00e8 anche l&#8217;autorit\u00e0 di vigilanza competente. Il suo titolo professionale gli [&hellip;]<\/p>\n","protected":false},"author":1,"featured_media":0,"parent":0,"menu_order":0,"comment_status":"closed","ping_status":"closed","template":"","meta":{"googlesitekit_rrm_CAow7fbBCw:productID":"","content-type":"","footnotes":""},"class_list":["post-12477","page","type-page","status-publish","hentry"],"_links":{"self":[{"href":"https:\/\/rechtsanwaltkaufmann.de\/it\/wp-json\/wp\/v2\/pages\/12477","targetHints":{"allow":["GET"]}}],"collection":[{"href":"https:\/\/rechtsanwaltkaufmann.de\/it\/wp-json\/wp\/v2\/pages"}],"about":[{"href":"https:\/\/rechtsanwaltkaufmann.de\/it\/wp-json\/wp\/v2\/types\/page"}],"author":[{"embeddable":true,"href":"https:\/\/rechtsanwaltkaufmann.de\/it\/wp-json\/wp\/v2\/users\/1"}],"replies":[{"embeddable":true,"href":"https:\/\/rechtsanwaltkaufmann.de\/it\/wp-json\/wp\/v2\/comments?post=12477"}],"version-history":[{"count":0,"href":"https:\/\/rechtsanwaltkaufmann.de\/it\/wp-json\/wp\/v2\/pages\/12477\/revisions"}],"wp:attachment":[{"href":"https:\/\/rechtsanwaltkaufmann.de\/it\/wp-json\/wp\/v2\/media?parent=12477"}],"curies":[{"name":"wp","href":"https:\/\/api.w.org\/{rel}","templated":true}]}}