{"id":12475,"date":"2019-12-14T14:33:02","date_gmt":"2019-12-14T13:33:02","guid":{"rendered":"https:\/\/rechtsanwaltkaufmann.de\/mentions-legales"},"modified":"2024-03-21T08:57:09","modified_gmt":"2024-03-21T07:57:09","slug":"mentions-legales","status":"publish","type":"page","link":"https:\/\/rechtsanwaltkaufmann.de\/fr\/mentions-legales","title":{"rendered":"Mentions l\u00e9gales"},"content":{"rendered":"\n<p>selon \u00a7 5 TMG<\/p>\n\n<p>Responsable &amp; personne de contact<\/p>\n\n<h3 class=\"wp-block-heading\">Avocat Hermann Kaufmann<\/h3>\n\n<p>2, rue Heilbronn<br\/>28832 Achim<\/p>\n\n<p>T\u00e9l : 04202 \/ 6 38 37-0<br\/>FAX : 04202 \/ 6 38 37-18<\/p>\n\n<p>Courrier \u00e9lectronique : <a>info@rechtsanwaltkaufmann.de<\/a><br\/>Web : <a href=\"https:\/\/rechtsanwaltkaufmann.de\/\">www.rechtsanwaltkaufmann.de<\/a><\/p>\n\n<p>Num\u00e9ro de TVA : DE254081578<\/p>\n\n<p>Me Kaufmann est membre du barreau de Celle<a href=\"http:\/\/www.rakcelle.de\/\" target=\"_blank\" rel=\"noreferrer noopener\">(www.rakcelle.de)<\/a>. Celle-ci est \u00e9galement l&rsquo;autorit\u00e9 de surveillance comp\u00e9tente.<\/p>\n\n<p>Son titre professionnel lui a \u00e9t\u00e9 attribu\u00e9 en R\u00e9publique f\u00e9d\u00e9rale d&rsquo;Allemagne.<br\/>Vous pouvez consulter les r\u00e8gles professionnelles le concernant sur le site <a href=\"http:\/\/www.brak.de\/\" target=\"_blank\" rel=\"noreferrer noopener\">www.brak.de<\/a>.<\/p>\n\n<p>Le co\u00fbt de ses services r\u00e9sulte en principe de la loi sur la r\u00e9mun\u00e9ration des avocats<a href=\"http:\/\/www.gesetze-im-internet.de\/rvg\/index.html\" target=\"_blank\" rel=\"noreferrer noopener\">(RVG<\/a>).<\/p>\n\n<p>Il existe une assurance responsabilit\u00e9 civile professionnelle aupr\u00e8s de Allianz Versicherungs AG &#8211; Grosser Burstah 3 &#8211; 20457 Hamburg.<br\/>Cette assurance s&rsquo;\u00e9tend au territoire de la R\u00e9publique f\u00e9d\u00e9rale d&rsquo;Allemagne.<\/p>\n\n<hr class=\"wp-block-separator\"\/>\n\n<p>\n          <strong>Logiciel \/ Licence<\/strong>\n        <\/p>\n\n<p>Ce site web fonctionne sur la base du syst\u00e8me de gestion de contenu (CMS) WordPress. Vous trouverez de plus amples informations sur <a href=\"http:\/\/www.wordpress.com\/\" target=\"_blank\" rel=\"noreferrer noopener\">www.wordpress.com<\/a><\/p>\n\n<p>\n          <strong>Droit d&rsquo;auteur<\/strong>\n        <\/p>\n\n<p>Les contenus et \u0153uvres cr\u00e9\u00e9s par les exploitants de ces pages sont soumis au droit d&rsquo;auteur allemand. La reproduction, le traitement, la diffusion et toute forme d&rsquo;exploitation en dehors des limites du droit d&rsquo;auteur requi\u00e8rent l&rsquo;accord \u00e9crit de l&rsquo;auteur ou du cr\u00e9ateur concern\u00e9. Les t\u00e9l\u00e9chargements et les copies de cette page ne sont autoris\u00e9s que pour un usage priv\u00e9 et non commercial. Dans la mesure o\u00f9 les contenus de ce site n&rsquo;ont pas \u00e9t\u00e9 cr\u00e9\u00e9s par l&rsquo;exploitant, les droits d&rsquo;auteur de tiers sont respect\u00e9s. En particulier, les contenus de tiers sont identifi\u00e9s comme tels. Si vous deviez n\u00e9anmoins constater une violation des droits d&rsquo;auteur, nous vous prions de nous en informer. D\u00e8s que nous aurons connaissance d&rsquo;une violation de la loi, nous supprimerons imm\u00e9diatement de tels contenus.<\/p>\n\n<p>\n          <strong>Autres droits d&rsquo;image<\/strong>\n        <\/p>\n\n<p>Photo de <strong>\n  <a href=\"https:\/\/www.pexels.com\/de-de\/@life-of-pix?utm_content=attributionCopyText&amp;utm_medium=referral&amp;utm_source=pexels\" target=\"_blank\" rel=\"noopener\">Life Of Pix<\/a>\n<\/strong> par <strong>\n  <a href=\"https:\/\/www.pexels.com\/de-de\/foto\/bau-werkzeuge-hammer-handwerker-8092\/?utm_content=attributionCopyText&amp;utm_medium=referral&amp;utm_source=pexels\" target=\"_blank\" rel=\"noopener\">Pexels<\/a>\n<\/strong> dans l&rsquo;article <a href=\"https:\/\/rechtsanwaltkaufmann.de\/baurecht-immobilienrecht-mietrecht\/von-wesentlichen-und-unwesentlichen-maengeln-bei-bauvertraegen\">Des d\u00e9fauts essentiels et non essentiels dans les contrats de construction<\/a><\/p>\n\n<p><em>Toutes les images utilis\u00e9es proviennent du portail <\/em><a href=\"https:\/\/stock.adobe.com\/\" target=\"_blank\" rel=\"noopener\">stock.adobe.com<\/a><em>:<\/em><\/p>\n\n<figure class=\"wp-block-table\"><table><tbody><tr><td>\n          <strong>Domaine th\u00e9matique<\/strong>\n        <\/td><td>\n          <strong>Auteur<\/strong>\n        <\/td><\/tr><tr><td>Droit du travail<\/td><td>snowing12<\/td><\/tr><tr><td>Droit bancaire et des march\u00e9s de capitaux<\/td><td>Alexander Limbach<\/td><\/tr><tr><td>Droit de la construction<\/td><td>Sergey Yarochkin<\/td><\/tr><tr><td>Droit de l&rsquo;insolvabilit\u00e9<\/td><td>pure-life-pictures<\/td><\/tr><tr><td>Droit fiscal<\/td><td>lettas<\/td><\/tr><tr><td>Droit p\u00e9nal \u00e9conomique<\/td><td>Andreas Gruhl<\/td><\/tr><tr><td>Autre &#8211; Justicia<\/td><td>Studio_East<\/td><\/tr><tr><td>Scandale du diesel<\/td><td>Wellnhofer Designs<\/td><\/tr><tr><td>Droit de r\u00e9tractation<\/td><td>ami des pixels<\/td><\/tr><tr><td>Autres images th\u00e9matiques<\/td><td>\u00ab\u00a0ATTORNA\u00a0\u00bb Th\u00e8me WordPress<\/td><\/tr><\/tbody><\/table><\/figure>\n\n<p>\n          <strong>R\u00e9f\u00e9rence au r\u00e8glement des litiges de l&rsquo;UE<\/strong>\n          <br\/>\n        <\/p>\n\n<p>La Commission europ\u00e9enne a mis en place une plateforme Internet pour le r\u00e8glement en ligne des litiges (plateforme OSP) entre les professionnels et les consommateurs. La plateforme de RLL est accessible \u00e0 l&rsquo;adresse <a href=\"https:\/\/ec.europa.eu\/consumers\/odr\/\" target=\"_blank\" rel=\"noopener\">suivante : https:\/\/ec.europa.eu\/consumers\/odr\/<\/a><\/p>\n\n<p>Nous ne sommes pas dispos\u00e9s \u00e0 participer \u00e0 une proc\u00e9dure de r\u00e8glement des litiges devant un organisme de conciliation des consommateurs et n&rsquo;y sommes pas tenus.<\/p>\n\n<p>Vous trouverez notre adresse e-mail en haut de la page des mentions l\u00e9gales.<\/p>\n","protected":false},"excerpt":{"rendered":"<p>selon \u00a7 5 TMG Responsable &amp; personne de contact Avocat Hermann Kaufmann 2, rue Heilbronn28832 Achim T\u00e9l : 04202 \/ 6 38 37-0FAX : 04202 \/ 6 38 37-18 Courrier \u00e9lectronique : info@rechtsanwaltkaufmann.deWeb : www.rechtsanwaltkaufmann.de Num\u00e9ro de TVA : DE254081578 Me Kaufmann est membre du barreau de Celle(www.rakcelle.de). Celle-ci est \u00e9galement l&rsquo;autorit\u00e9 de surveillance comp\u00e9tente. [&hellip;]<\/p>\n","protected":false},"author":1,"featured_media":0,"parent":0,"menu_order":0,"comment_status":"closed","ping_status":"closed","template":"","meta":{"googlesitekit_rrm_CAow7fbBCw:productID":"","content-type":"","footnotes":""},"class_list":["post-12475","page","type-page","status-publish","hentry"],"_links":{"self":[{"href":"https:\/\/rechtsanwaltkaufmann.de\/fr\/wp-json\/wp\/v2\/pages\/12475","targetHints":{"allow":["GET"]}}],"collection":[{"href":"https:\/\/rechtsanwaltkaufmann.de\/fr\/wp-json\/wp\/v2\/pages"}],"about":[{"href":"https:\/\/rechtsanwaltkaufmann.de\/fr\/wp-json\/wp\/v2\/types\/page"}],"author":[{"embeddable":true,"href":"https:\/\/rechtsanwaltkaufmann.de\/fr\/wp-json\/wp\/v2\/users\/1"}],"replies":[{"embeddable":true,"href":"https:\/\/rechtsanwaltkaufmann.de\/fr\/wp-json\/wp\/v2\/comments?post=12475"}],"version-history":[{"count":0,"href":"https:\/\/rechtsanwaltkaufmann.de\/fr\/wp-json\/wp\/v2\/pages\/12475\/revisions"}],"wp:attachment":[{"href":"https:\/\/rechtsanwaltkaufmann.de\/fr\/wp-json\/wp\/v2\/media?parent=12475"}],"curies":[{"name":"wp","href":"https:\/\/api.w.org\/{rel}","templated":true}]}}