{"id":12322,"date":"2016-06-11T14:25:44","date_gmt":"2016-06-11T12:25:44","guid":{"rendered":"https:\/\/rechtsanwaltkaufmann.de\/avocat-commercant-specialise-en-droit-bancaire-a-achim-pres-de-breme"},"modified":"2024-10-03T09:25:05","modified_gmt":"2024-10-03T07:25:05","slug":"avocat-commercant-specialise-en-droit-bancaire-a-achim-pres-de-breme","status":"publish","type":"page","link":"https:\/\/rechtsanwaltkaufmann.de\/fr","title":{"rendered":"Avocat Hermann Kaufmann : sp\u00e9cialiste du droit bancaire et des march\u00e9s de capitaux \u00e0 Achim pr\u00e8s de Br\u00eame"},"content":{"rendered":"","protected":false},"excerpt":{"rendered":"","protected":false},"author":1,"featured_media":11493,"parent":0,"menu_order":0,"comment_status":"closed","ping_status":"closed","template":"","meta":{"googlesitekit_rrm_CAow7fbBCw:productID":"","content-type":"","footnotes":""},"class_list":["post-12322","page","type-page","status-publish","has-post-thumbnail","hentry"],"_links":{"self":[{"href":"https:\/\/rechtsanwaltkaufmann.de\/fr\/wp-json\/wp\/v2\/pages\/12322","targetHints":{"allow":["GET"]}}],"collection":[{"href":"https:\/\/rechtsanwaltkaufmann.de\/fr\/wp-json\/wp\/v2\/pages"}],"about":[{"href":"https:\/\/rechtsanwaltkaufmann.de\/fr\/wp-json\/wp\/v2\/types\/page"}],"author":[{"embeddable":true,"href":"https:\/\/rechtsanwaltkaufmann.de\/fr\/wp-json\/wp\/v2\/users\/1"}],"replies":[{"embeddable":true,"href":"https:\/\/rechtsanwaltkaufmann.de\/fr\/wp-json\/wp\/v2\/comments?post=12322"}],"version-history":[{"count":0,"href":"https:\/\/rechtsanwaltkaufmann.de\/fr\/wp-json\/wp\/v2\/pages\/12322\/revisions"}],"wp:featuredmedia":[{"embeddable":true,"href":"https:\/\/rechtsanwaltkaufmann.de\/fr\/wp-json\/wp\/v2\/media\/11493"}],"wp:attachment":[{"href":"https:\/\/rechtsanwaltkaufmann.de\/fr\/wp-json\/wp\/v2\/media?parent=12322"}],"curies":[{"name":"wp","href":"https:\/\/api.w.org\/{rel}","templated":true}]}}